{"id":12,"date":"2013-09-02T19:59:08","date_gmt":"2013-09-02T18:59:08","guid":{"rendered":"http:\/\/www.goldenoptic.ch\/wp\/?page_id=12"},"modified":"2014-03-19T10:13:16","modified_gmt":"2014-03-19T09:13:16","slug":"renens","status":"publish","type":"page","link":"https:\/\/www.goldenoptic.ch\/wp\/?page_id=12","title":{"rendered":"Renens"},"content":{"rendered":"<p style=\"text-align: center;\"><strong>Lunetterie de la M\u00e8bre \u00e0 Renens<\/strong><br \/>\nRue de la M\u00e8bre 8<br \/>\n1020 Renens (VD)<\/p>\n<p style=\"text-align: center;\">T\u00e9l : 021 635 45 00<br \/>\noptique@bluewin.ch<\/p>\n<p style=\"text-align: center;\"><img loading=\"lazy\" decoding=\"async\" class=\"alignnone size-full wp-image-126\" alt=\"colombier_b\" src=\"http:\/\/www.goldenoptic.ch\/wp\/wp-content\/uploads\/2014\/03\/mebre1.jpg\" width=\"599\" height=\"190\" \/><\/p>\n<p style=\"text-align: center;\"><strong>Horaires du magasin<\/strong><\/p>\n<p style=\"text-align: center;\"><img loading=\"lazy\" decoding=\"async\" class=\"alignnone size-full wp-image-133\" alt=\"horaires_colombier\" src=\"http:\/\/www.goldenoptic.ch\/wp\/wp-content\/uploads\/2014\/03\/horaires_mebre.jpg\" width=\"381\" height=\"154\" \/><\/p>\n<p style=\"text-align: center;\"><img loading=\"lazy\" decoding=\"async\" class=\"alignnone size-full wp-image-125\" alt=\"colombier_c\" src=\"http:\/\/www.goldenoptic.ch\/wp\/wp-content\/uploads\/2014\/03\/mebre2.jpg\" width=\"599\" height=\"190\" \/><\/p>\n<p style=\"text-align: center;\"><iframe loading=\"lazy\" style=\"border: 0;\" src=\"https:\/\/www.google.com\/maps\/embed?pb=!1m18!1m12!1m3!1d2744.4830367934414!2d6.580530699999992!3d46.53813075!2m3!1f0!2f0!3f0!3m2!1i1024!2i768!4f13.1!3m3!1m2!1s0x478c31a1b717e657%3A0x26f5329322d8b855!2sLunetterie+de+la+M%C3%A8bre%2C+Ophtalmopole+S%C3%A0rl!5e0!3m2!1sfr!2s!4v1395218709449\" height=\"350\" width=\"600\" frameborder=\"0\"><\/iframe><\/p>\n<p style=\"text-align: center;\"><img loading=\"lazy\" decoding=\"async\" class=\"alignnone size-full wp-image-127\" alt=\"colombier_a\" src=\"http:\/\/www.goldenoptic.ch\/wp\/wp-content\/uploads\/2014\/03\/mebre3.jpg\" width=\"599\" height=\"190\" \/><\/p>\n<p style=\"text-align: center;\"><a href=\"http:\/\/discover.adidas.ch\/pages\/sites\/eyewear\/\"><img loading=\"lazy\" decoding=\"async\" class=\"alignnone size-full wp-image-84\" style=\"margin-left: 10px; margin-right: 10px;\" alt=\"adidas\" src=\"http:\/\/www.goldenoptic.ch\/wp\/wp-content\/uploads\/2013\/09\/adidas.jpg\" width=\"100\" height=\"55\" \/><\/a> <a href=\"http:\/\/www.gucci.com\/fr\/category\/f\/sunglasses\"><img loading=\"lazy\" decoding=\"async\" class=\"alignnone size-medium wp-image-85\" style=\"margin-left: 10px; margin-right: 10px;\" alt=\"gucci\" src=\"http:\/\/www.goldenoptic.ch\/wp\/wp-content\/uploads\/2013\/09\/gucci.jpg\" width=\"100\" height=\"55\" \/><\/a><a href=\"http:\/\/www.goldenoptic.ch\/wp\/wp-content\/uploads\/2013\/09\/ck.jpg\"><img loading=\"lazy\" decoding=\"async\" class=\"alignnone size-full wp-image-94\" style=\"margin-left: 10px; margin-right: 10px;\" alt=\"ck\" src=\"http:\/\/www.goldenoptic.ch\/wp\/wp-content\/uploads\/2013\/09\/ck.jpg\" width=\"100\" height=\"55\" \/><\/a><a href=\"http:\/\/www.goldenoptic.ch\/wp\/wp-content\/uploads\/2013\/09\/silhouette.jpg\"><img loading=\"lazy\" decoding=\"async\" class=\"alignnone size-medium wp-image-95\" style=\"margin-left: 10px; margin-right: 10px;\" alt=\"silhouette\" src=\"http:\/\/www.goldenoptic.ch\/wp\/wp-content\/uploads\/2013\/09\/silhouette.jpg\" width=\"100\" height=\"55\" \/><\/a><a href=\"http:\/\/www.goldenoptic.ch\/wp\/wp-content\/uploads\/2013\/09\/rayban1.jpg\"><img loading=\"lazy\" decoding=\"async\" class=\"alignnone size-full wp-image-98\" style=\"margin-left: 10px; margin-right: 10px;\" alt=\"rayban\" src=\"http:\/\/www.goldenoptic.ch\/wp\/wp-content\/uploads\/2013\/09\/rayban1.jpg\" width=\"100\" height=\"55\" \/><\/a><a href=\"http:\/\/www.goldenoptic.ch\/wp\/wp-content\/uploads\/2013\/09\/titeuf.jpg\"><img loading=\"lazy\" decoding=\"async\" class=\"alignnone size-full wp-image-100\" style=\"margin-left: 10px; margin-right: 10px;\" alt=\"titeuf\" src=\"http:\/\/www.goldenoptic.ch\/wp\/wp-content\/uploads\/2013\/09\/titeuf.jpg\" width=\"100\" height=\"55\" \/><\/a><a href=\"http:\/\/www.goldenoptic.ch\/wp\/wp-content\/uploads\/2013\/09\/dolce.jpg\"><img loading=\"lazy\" decoding=\"async\" class=\"alignnone size-full wp-image-101\" style=\"margin-left: 10px; margin-right: 10px;\" alt=\"dolce\" src=\"http:\/\/www.goldenoptic.ch\/wp\/wp-content\/uploads\/2013\/09\/dolce.jpg\" width=\"100\" height=\"55\" \/><\/a><a href=\"http:\/\/www.goldenoptic.ch\/wp\/wp-content\/uploads\/2013\/09\/marcjacobs1.jpg\"><img loading=\"lazy\" decoding=\"async\" class=\"alignnone size-full wp-image-106\" style=\"margin-left: 10px; margin-right: 10px;\" alt=\"marcjacobs\" src=\"http:\/\/www.goldenoptic.ch\/wp\/wp-content\/uploads\/2013\/09\/marcjacobs1.jpg\" width=\"100\" height=\"55\" \/><\/a><a href=\"http:\/\/www.goldenoptic.ch\/wp\/wp-content\/uploads\/2013\/09\/boss1.jpg\"><img loading=\"lazy\" decoding=\"async\" class=\"alignnone size-medium wp-image-107\" style=\"margin-left: 10px; margin-right: 10px;\" alt=\"boss\" src=\"http:\/\/www.goldenoptic.ch\/wp\/wp-content\/uploads\/2013\/09\/boss1.jpg\" width=\"100\" height=\"55\" \/><\/a><a href=\"http:\/\/www.goldenoptic.ch\/wp\/wp-content\/uploads\/2013\/09\/pierre_cardin1.jpg\"><img loading=\"lazy\" decoding=\"async\" class=\"alignnone size-medium wp-image-108\" style=\"margin-left: 10px; margin-right: 10px;\" alt=\"pierre_cardin\" src=\"http:\/\/www.goldenoptic.ch\/wp\/wp-content\/uploads\/2013\/09\/pierre_cardin1.jpg\" width=\"100\" height=\"55\" \/><\/a><img loading=\"lazy\" decoding=\"async\" class=\"size-medium wp-image-86 alignnone\" style=\"margin-left: 10px; margin-right: 10px;\" alt=\"maxmara\" src=\"http:\/\/www.goldenoptic.ch\/wp\/wp-content\/uploads\/2013\/09\/maxmara.jpg\" width=\"100\" height=\"55\" \/><a href=\"http:\/\/www.goldenoptic.ch\/wp\/wp-content\/uploads\/2013\/09\/hello_kitty.jpg\"><img loading=\"lazy\" decoding=\"async\" class=\"alignnone size-full wp-image-110\" style=\"margin-left: 10px; margin-right: 10px;\" alt=\"hello_kitty\" src=\"http:\/\/www.goldenoptic.ch\/wp\/wp-content\/uploads\/2013\/09\/hello_kitty.jpg\" width=\"100\" height=\"55\" \/><\/a> <a href=\"http:\/\/www.goldenoptic.ch\/wp\/wp-content\/uploads\/2013\/09\/oakley.jpg\"><img loading=\"lazy\" decoding=\"async\" class=\"alignnone size-medium wp-image-111\" style=\"margin-left: 10px; margin-right: 10px;\" alt=\"oakley\" src=\"http:\/\/www.goldenoptic.ch\/wp\/wp-content\/uploads\/2013\/09\/oakley.jpg\" width=\"100\" height=\"55\" \/><\/a><a href=\"http:\/\/www.goldenoptic.ch\/wp\/wp-content\/uploads\/2013\/09\/changeme.jpg\"><img loading=\"lazy\" decoding=\"async\" class=\"alignnone size-full wp-image-113\" style=\"margin-left: 10px; margin-right: 10px;\" alt=\"changeme\" src=\"http:\/\/www.goldenoptic.ch\/wp\/wp-content\/uploads\/2013\/09\/changeme.jpg\" width=\"100\" height=\"55\" \/><\/a><a href=\"http:\/\/www.goldenoptic.ch\/wp\/wp-content\/uploads\/2013\/09\/carrera.jpg\"><img loading=\"lazy\" decoding=\"async\" class=\"alignnone size-medium wp-image-114\" style=\"margin-left: 10px; margin-right: 10px;\" alt=\"carrera\" src=\"http:\/\/www.goldenoptic.ch\/wp\/wp-content\/uploads\/2013\/09\/carrera.jpg\" width=\"100\" height=\"55\" \/><\/a><\/p>\n","protected":false},"excerpt":{"rendered":"<p>Lunetterie de la M\u00e8bre \u00e0 Renens Rue de la M\u00e8bre 8 1020 Renens (VD) T\u00e9l : 021 635 45 00 optique@bluewin.ch Horaires du magasin<\/p>\n","protected":false},"author":1,"featured_media":0,"parent":0,"menu_order":0,"comment_status":"closed","ping_status":"closed","template":"","meta":{"footnotes":"","_links_to":"","_links_to_target":""},"class_list":["post-12","page","type-page","status-publish","hentry"],"_links":{"self":[{"href":"https:\/\/www.goldenoptic.ch\/wp\/index.php?rest_route=\/wp\/v2\/pages\/12","targetHints":{"allow":["GET"]}}],"collection":[{"href":"https:\/\/www.goldenoptic.ch\/wp\/index.php?rest_route=\/wp\/v2\/pages"}],"about":[{"href":"https:\/\/www.goldenoptic.ch\/wp\/index.php?rest_route=\/wp\/v2\/types\/page"}],"author":[{"embeddable":true,"href":"https:\/\/www.goldenoptic.ch\/wp\/index.php?rest_route=\/wp\/v2\/users\/1"}],"replies":[{"embeddable":true,"href":"https:\/\/www.goldenoptic.ch\/wp\/index.php?rest_route=%2Fwp%2Fv2%2Fcomments&post=12"}],"version-history":[{"count":5,"href":"https:\/\/www.goldenoptic.ch\/wp\/index.php?rest_route=\/wp\/v2\/pages\/12\/revisions"}],"predecessor-version":[{"id":298,"href":"https:\/\/www.goldenoptic.ch\/wp\/index.php?rest_route=\/wp\/v2\/pages\/12\/revisions\/298"}],"wp:attachment":[{"href":"https:\/\/www.goldenoptic.ch\/wp\/index.php?rest_route=%2Fwp%2Fv2%2Fmedia&parent=12"}],"curies":[{"name":"wp","href":"https:\/\/api.w.org\/{rel}","templated":true}]}}