{"id":192,"date":"2014-03-21T09:31:19","date_gmt":"2014-03-21T08:31:19","guid":{"rendered":"http:\/\/www.goldenoptic.ch\/wp\/?page_id=192"},"modified":"2025-10-01T14:30:09","modified_gmt":"2025-10-01T13:30:09","slug":"lequipe","status":"publish","type":"page","link":"https:\/\/www.goldenoptic.ch\/wp\/?page_id=192","title":{"rendered":"L&rsquo;\u00e9quipe"},"content":{"rendered":"<p style=\"text-align: center;\">Votre \u00e9quipe \u00abGolden Optic\u00bb de Colombier est heureuse de vous accueillir dans un espace de vente agr\u00e9able et spacieux, \u00e0 l&rsquo;avenue de la Gare 9A \u00e0 Colombier.<\/p>\n<p style=\"text-align: center;\"><a href=\"https:\/\/www.goldenoptic.ch\/wp\/wp-content\/uploads\/2025\/10\/DSC_0652-scaled.jpg\"><img loading=\"lazy\" decoding=\"async\" class=\"aligncenter wp-image-321 size-large\" src=\"https:\/\/www.goldenoptic.ch\/wp\/wp-content\/uploads\/2025\/10\/DSC_0652-1024x717.jpg\" alt=\"\" width=\"640\" height=\"448\" srcset=\"https:\/\/www.goldenoptic.ch\/wp\/wp-content\/uploads\/2025\/10\/DSC_0652-1024x717.jpg 1024w, https:\/\/www.goldenoptic.ch\/wp\/wp-content\/uploads\/2025\/10\/DSC_0652-300x210.jpg 300w, https:\/\/www.goldenoptic.ch\/wp\/wp-content\/uploads\/2025\/10\/DSC_0652-768x538.jpg 768w, https:\/\/www.goldenoptic.ch\/wp\/wp-content\/uploads\/2025\/10\/DSC_0652-1536x1076.jpg 1536w, https:\/\/www.goldenoptic.ch\/wp\/wp-content\/uploads\/2025\/10\/DSC_0652-2048x1435.jpg 2048w\" sizes=\"auto, (max-width: 640px) 100vw, 640px\" \/><\/a><\/p>\n\n\n<p class=\"has-text-align-center\">Marion, Diogo, Val\u00e9rie et Fran\u00e7ois<\/p>\n","protected":false},"excerpt":{"rendered":"<p>Votre \u00e9quipe \u00abGolden Optic\u00bb de Colombier est heureuse de vous accueillir dans un espace de vente agr\u00e9able et spacieux, \u00e0 l&rsquo;avenue de la Gare 9A \u00e0 Colombier. Marion, Diogo, Val\u00e9rie et Fran\u00e7ois<\/p>\n","protected":false},"author":1,"featured_media":0,"parent":4,"menu_order":2,"comment_status":"closed","ping_status":"closed","template":"","meta":{"footnotes":"","_links_to":"","_links_to_target":""},"class_list":["post-192","page","type-page","status-publish","hentry"],"_links":{"self":[{"href":"https:\/\/www.goldenoptic.ch\/wp\/index.php?rest_route=\/wp\/v2\/pages\/192","targetHints":{"allow":["GET"]}}],"collection":[{"href":"https:\/\/www.goldenoptic.ch\/wp\/index.php?rest_route=\/wp\/v2\/pages"}],"about":[{"href":"https:\/\/www.goldenoptic.ch\/wp\/index.php?rest_route=\/wp\/v2\/types\/page"}],"author":[{"embeddable":true,"href":"https:\/\/www.goldenoptic.ch\/wp\/index.php?rest_route=\/wp\/v2\/users\/1"}],"replies":[{"embeddable":true,"href":"https:\/\/www.goldenoptic.ch\/wp\/index.php?rest_route=%2Fwp%2Fv2%2Fcomments&post=192"}],"version-history":[{"count":37,"href":"https:\/\/www.goldenoptic.ch\/wp\/index.php?rest_route=\/wp\/v2\/pages\/192\/revisions"}],"predecessor-version":[{"id":324,"href":"https:\/\/www.goldenoptic.ch\/wp\/index.php?rest_route=\/wp\/v2\/pages\/192\/revisions\/324"}],"up":[{"embeddable":true,"href":"https:\/\/www.goldenoptic.ch\/wp\/index.php?rest_route=\/wp\/v2\/pages\/4"}],"wp:attachment":[{"href":"https:\/\/www.goldenoptic.ch\/wp\/index.php?rest_route=%2Fwp%2Fv2%2Fmedia&parent=192"}],"curies":[{"name":"wp","href":"https:\/\/api.w.org\/{rel}","templated":true}]}}