{"id":21,"date":"2013-09-02T20:10:46","date_gmt":"2013-09-02T19:10:46","guid":{"rendered":"http:\/\/www.goldenoptic.ch\/wp\/?page_id=21"},"modified":"2014-01-17T12:03:02","modified_gmt":"2014-01-17T11:03:02","slug":"lentilles_de_contact","status":"publish","type":"page","link":"https:\/\/www.goldenoptic.ch\/wp\/?page_id=21","title":{"rendered":"Les lentilles de contact"},"content":{"rendered":"<p>A chaque \u0153il et \u00e0 chaque activit\u00e9 sa solution optimale !<\/p>\n<p>Les fabricants de lentilles de contact ne cessent d&rsquo;innover.<br \/>\nUne tr\u00e8s grande quantit\u00e9 de verres de contact existe, et toutes ont des param\u00e8tres diff\u00e9rents (taille, rayon de courbure, mati\u00e8re, \u00e9paisseur, perm\u00e9abilit\u00e9 \u00e0 l&rsquo;oxyg\u00e8ne, hydrophilie\u2026).<br \/>\nAujourd&rsquo;hui, nous avons la possibilit\u00e9 de corriger presque la totalit\u00e9 des d\u00e9fauts visuels.<\/p>\n<p>Pour myopes, hyperm\u00e9tropes, astigmates, presbytes, ainsi que pour changer la couleur de vos yeux, une gamme \u00e9tendue de lentilles de contact est \u00e0 votre disposition :<\/p>\n<p>* Lentilles 1 jour<br \/>\n* Lentilles 15 jours<br \/>\n* Lentilles 1 mois<br \/>\n* Lentilles 6 mois<br \/>\n* Lentilles traditionnelles (flexibles ou souples)<\/p>\n<p>Si vous portez des lentilles de contact pour la premi\u00e8re fois ou si vous changez de lentilles, il est fortement recommand\u00e9 de contr\u00f4ler votre vue et la sant\u00e9 de vos yeux chez votre opticien.<br \/>\nEn effet, si certaines lentilles peuvent vous convenir, d&rsquo;autres pourraient irriter vos yeux, m\u00eame sans ressentir une douleur !<\/p>\n<p>Venez nous rendre visite dans l&rsquo;un de nos magasins et nous vous conseillerons volontiers !<\/p>\n","protected":false},"excerpt":{"rendered":"<p>A chaque \u0153il et \u00e0 chaque activit\u00e9 sa solution optimale ! Les fabricants de lentilles de contact ne cessent d&rsquo;innover. Une tr\u00e8s grande quantit\u00e9 de verres de contact existe, et toutes ont des param\u00e8tres diff\u00e9rents (taille, rayon de courbure, mati\u00e8re, &hellip; <a href=\"https:\/\/www.goldenoptic.ch\/wp\/?page_id=21\">Continuer la lecture <span class=\"meta-nav\">&rarr;<\/span><\/a><\/p>\n","protected":false},"author":1,"featured_media":0,"parent":19,"menu_order":100,"comment_status":"closed","ping_status":"closed","template":"","meta":{"footnotes":"","_links_to":"","_links_to_target":""},"class_list":["post-21","page","type-page","status-publish","hentry"],"_links":{"self":[{"href":"https:\/\/www.goldenoptic.ch\/wp\/index.php?rest_route=\/wp\/v2\/pages\/21","targetHints":{"allow":["GET"]}}],"collection":[{"href":"https:\/\/www.goldenoptic.ch\/wp\/index.php?rest_route=\/wp\/v2\/pages"}],"about":[{"href":"https:\/\/www.goldenoptic.ch\/wp\/index.php?rest_route=\/wp\/v2\/types\/page"}],"author":[{"embeddable":true,"href":"https:\/\/www.goldenoptic.ch\/wp\/index.php?rest_route=\/wp\/v2\/users\/1"}],"replies":[{"embeddable":true,"href":"https:\/\/www.goldenoptic.ch\/wp\/index.php?rest_route=%2Fwp%2Fv2%2Fcomments&post=21"}],"version-history":[{"count":3,"href":"https:\/\/www.goldenoptic.ch\/wp\/index.php?rest_route=\/wp\/v2\/pages\/21\/revisions"}],"predecessor-version":[{"id":72,"href":"https:\/\/www.goldenoptic.ch\/wp\/index.php?rest_route=\/wp\/v2\/pages\/21\/revisions\/72"}],"up":[{"embeddable":true,"href":"https:\/\/www.goldenoptic.ch\/wp\/index.php?rest_route=\/wp\/v2\/pages\/19"}],"wp:attachment":[{"href":"https:\/\/www.goldenoptic.ch\/wp\/index.php?rest_route=%2Fwp%2Fv2%2Fmedia&parent=21"}],"curies":[{"name":"wp","href":"https:\/\/api.w.org\/{rel}","templated":true}]}}