{"id":73,"date":"2014-01-17T11:16:45","date_gmt":"2014-01-17T10:16:45","guid":{"rendered":"http:\/\/www.goldenoptic.ch\/wp\/?page_id=73"},"modified":"2015-11-27T20:31:11","modified_gmt":"2015-11-27T19:31:11","slug":"espace-professionnel","status":"publish","type":"page","link":"https:\/\/www.goldenoptic.ch\/wp\/?page_id=73","title":{"rendered":"Espace professionnel"},"content":{"rendered":"<p>L&rsquo;union fait la force !<br \/>\nVos avantages en tant que partenaire du groupement Golden Optic :<\/p>\n<p>* Faire face \u00e0 la concurrence des grandes surfaces du march\u00e9 de l&rsquo;optique<\/p>\n<p>* Obtenir des conditions d&rsquo;achat chez les fournisseurs<\/p>\n<p>* Une publicit\u00e9 tous-m\u00e9nages personnalis\u00e9e r\u00e9guli\u00e8rement chez vos clients.<\/p>\n<p>Golden Optic est un groupement dynamique qui compte d\u00e9j\u00e0 une dizaine de partenaires opticiens. Gr\u00e2ce \u00e0 une communication de qualit\u00e9, limpide et conviviale ainsi qu&rsquo;\u00e0 des campagnes publicitaires sur toute l&rsquo;ann\u00e9e, nos partenaires observent les r\u00e9sultats concerts suivants :<\/p>\n<p>* une \u00e9conomie sur les achats<\/p>\n<p>* une r\u00e9elle augmentation du chiffre d&rsquo;affaires gr\u00e2ce aux tous-m\u00e9nages (visible d\u00e8s la premi\u00e8re distribution)<\/p>\n<p>* obtenir des montures \u00e0 prix de fabrication.<\/p>\n<p>Les tous-m\u00e9nages<\/p>\n<p>La croissance des tous-m\u00e9nages dans les bo\u00eetes aux lettres est la preuve du r\u00e9sultat positif de ce moyen de communication.<br \/>\nC&rsquo;est la meilleure solution de communication au niveau co\u00fbt\/rendement.<\/p>\n<p>Il annonce plusieurs messages en m\u00eame temps, donc la possibilit\u00e9 de d\u00e9velopper plusieurs sujets ciblant diff\u00e9rents types de consommateurs ou de pr\u00e9senter diverses offres allant dans le m\u00eame sens.<\/p>\n<p>Il met l&rsquo;accent en premier plan sur la raison sociale de l&rsquo;opticien (sans le cacher derri\u00e8re un nom de groupement).<\/p>\n<p>La campagne publicitaire a un effet b\u00e9n\u00e9fique de longue dur\u00e9e sur la m\u00e9morisation de la raison sociale.<\/p>\n<p>L&rsquo;opticien choisit le contenu de son journal (textes, offres\u2026) ainsi que les dates et les localit\u00e9s dans lesquelles son journal sera distribu\u00e9.<\/p>\n<p>D\u00e8s la premi\u00e8re distribution du journal, l&rsquo;opticien peut observer les retomb\u00e9s par les clients qui viennent le voir avec des bons de r\u00e9duction ou avec le journal \u00e0 la main.<\/p>\n<p>Comment adh\u00e9rer \u00e0 Golden Optic ?<\/p>\n<p>Renseignements au 032 841 42 66 ainsi qu&rsquo;\u00e0 l&rsquo;adresse info@goldenoptic.ch<\/p>\n","protected":false},"excerpt":{"rendered":"<p>L&rsquo;union fait la force ! Vos avantages en tant que partenaire du groupement Golden Optic : * Faire face \u00e0 la concurrence des grandes surfaces du march\u00e9 de l&rsquo;optique * Obtenir des conditions d&rsquo;achat chez les fournisseurs * Une publicit\u00e9 &hellip; <a href=\"https:\/\/www.goldenoptic.ch\/wp\/?page_id=73\">Continuer la lecture <span class=\"meta-nav\">&rarr;<\/span><\/a><\/p>\n","protected":false},"author":1,"featured_media":0,"parent":0,"menu_order":100,"comment_status":"closed","ping_status":"closed","template":"","meta":{"footnotes":"","_links_to":"","_links_to_target":""},"class_list":["post-73","page","type-page","status-publish","hentry"],"_links":{"self":[{"href":"https:\/\/www.goldenoptic.ch\/wp\/index.php?rest_route=\/wp\/v2\/pages\/73","targetHints":{"allow":["GET"]}}],"collection":[{"href":"https:\/\/www.goldenoptic.ch\/wp\/index.php?rest_route=\/wp\/v2\/pages"}],"about":[{"href":"https:\/\/www.goldenoptic.ch\/wp\/index.php?rest_route=\/wp\/v2\/types\/page"}],"author":[{"embeddable":true,"href":"https:\/\/www.goldenoptic.ch\/wp\/index.php?rest_route=\/wp\/v2\/users\/1"}],"replies":[{"embeddable":true,"href":"https:\/\/www.goldenoptic.ch\/wp\/index.php?rest_route=%2Fwp%2Fv2%2Fcomments&post=73"}],"version-history":[{"count":1,"href":"https:\/\/www.goldenoptic.ch\/wp\/index.php?rest_route=\/wp\/v2\/pages\/73\/revisions"}],"predecessor-version":[{"id":74,"href":"https:\/\/www.goldenoptic.ch\/wp\/index.php?rest_route=\/wp\/v2\/pages\/73\/revisions\/74"}],"wp:attachment":[{"href":"https:\/\/www.goldenoptic.ch\/wp\/index.php?rest_route=%2Fwp%2Fv2%2Fmedia&parent=73"}],"curies":[{"name":"wp","href":"https:\/\/api.w.org\/{rel}","templated":true}]}}