{"id":77,"date":"2014-01-17T11:20:56","date_gmt":"2014-01-17T10:20:56","guid":{"rendered":"http:\/\/www.goldenoptic.ch\/wp\/?page_id=77"},"modified":"2014-01-20T14:20:51","modified_gmt":"2014-01-20T13:20:51","slug":"infos-parents","status":"publish","type":"page","link":"https:\/\/www.goldenoptic.ch\/wp\/?page_id=77","title":{"rendered":"Infos parents"},"content":{"rendered":"<p><strong>Parents, soyez vigilants !<\/strong><\/p>\n<p>La vision de votre enfant se construit durant les premi\u00e8res ann\u00e9es de sa vie. Le non d\u00e9pistage d&rsquo;un trouble visuel peut diminuer la vision de mani\u00e8re irr\u00e9versible (amblyopie).<\/p>\n<p>C&rsquo;est pourquoi il est important de contr\u00f4ler la vue de votre enfant. Une correction pr\u00e9coce peut \u00e9viter une amblyopie et am\u00e9liorer sa vue de mani\u00e8re d\u00e9cisive.<br \/>\nN&rsquo;oubliez pas que la vue de votre enfant commence \u00e0 \u00eatre particuli\u00e8rement sollicit\u00e9e \u00e0 l&rsquo;\u00e9cole. Un d\u00e9faut visuel non d\u00e9pist\u00e9 peut engendrer des difficult\u00e9s lors de l&rsquo;apprentissage de la lecture.<\/p>\n<p>Les sympt\u00f4mes sont d\u00e9tectables chez le jeune enfant notamment lorsqu&rsquo;il :<\/p>\n<p>* fronce les sourcils lorsqu&rsquo;il regarde attentivement<\/p>\n<p>* se plaint de maux de t\u00eate<\/p>\n<p>* se plaint d&rsquo;\u0153il qui pique<\/p>\n<p>* lui arrive de loucher<\/p>\n<p>* \u00e9prouve de la fatigue quand il lit<\/p>\n<p>* se d\u00e9sint\u00e9resse de tout ce qui demande une activit\u00e9 visuelle (puzzle, dessin\u2026)<\/p>\n<p>* se frotte souvent les yeux<\/p>\n<p>* tr\u00e9buche fr\u00e9quemment en marchant&#8230;<\/p>\n<p>Les sympt\u00f4mes ci-dessus ainsi qu&rsquo;un trouble de la vision important chez les parents devraient inciter \u00e0 consulter un ophtalmologiste.<\/p>\n<p>Soyez vigilants !<\/p>\n<p>Venez nous rendre visite dans l&rsquo;un de nos magasins et nous vous conseillerons volontiers ! <\/p>\n","protected":false},"excerpt":{"rendered":"<p>Parents, soyez vigilants ! La vision de votre enfant se construit durant les premi\u00e8res ann\u00e9es de sa vie. Le non d\u00e9pistage d&rsquo;un trouble visuel peut diminuer la vision de mani\u00e8re irr\u00e9versible (amblyopie). C&rsquo;est pourquoi il est important de contr\u00f4ler la &hellip; <a href=\"https:\/\/www.goldenoptic.ch\/wp\/?page_id=77\">Continuer la lecture <span class=\"meta-nav\">&rarr;<\/span><\/a><\/p>\n","protected":false},"author":1,"featured_media":0,"parent":19,"menu_order":0,"comment_status":"closed","ping_status":"closed","template":"","meta":{"footnotes":"","_links_to":"","_links_to_target":""},"class_list":["post-77","page","type-page","status-publish","hentry"],"_links":{"self":[{"href":"https:\/\/www.goldenoptic.ch\/wp\/index.php?rest_route=\/wp\/v2\/pages\/77","targetHints":{"allow":["GET"]}}],"collection":[{"href":"https:\/\/www.goldenoptic.ch\/wp\/index.php?rest_route=\/wp\/v2\/pages"}],"about":[{"href":"https:\/\/www.goldenoptic.ch\/wp\/index.php?rest_route=\/wp\/v2\/types\/page"}],"author":[{"embeddable":true,"href":"https:\/\/www.goldenoptic.ch\/wp\/index.php?rest_route=\/wp\/v2\/users\/1"}],"replies":[{"embeddable":true,"href":"https:\/\/www.goldenoptic.ch\/wp\/index.php?rest_route=%2Fwp%2Fv2%2Fcomments&post=77"}],"version-history":[{"count":1,"href":"https:\/\/www.goldenoptic.ch\/wp\/index.php?rest_route=\/wp\/v2\/pages\/77\/revisions"}],"predecessor-version":[{"id":78,"href":"https:\/\/www.goldenoptic.ch\/wp\/index.php?rest_route=\/wp\/v2\/pages\/77\/revisions\/78"}],"up":[{"embeddable":true,"href":"https:\/\/www.goldenoptic.ch\/wp\/index.php?rest_route=\/wp\/v2\/pages\/19"}],"wp:attachment":[{"href":"https:\/\/www.goldenoptic.ch\/wp\/index.php?rest_route=%2Fwp%2Fv2%2Fmedia&parent=77"}],"curies":[{"name":"wp","href":"https:\/\/api.w.org\/{rel}","templated":true}]}}